{"id":18,"date":"2026-04-24T14:56:09","date_gmt":"2026-04-24T14:56:09","guid":{"rendered":"https:\/\/selectrajectory.com\/servicios\/"},"modified":"2026-04-24T21:12:26","modified_gmt":"2026-04-24T21:12:26","slug":"servicios","status":"publish","type":"page","link":"https:\/\/selectrajectory.com\/pt\/servicios\/","title":{"rendered":"Antiderrapantes"},"content":{"rendered":"<div class=\"wp-block-group alignfull is-style-ext-preset--group--natural-1--section has-background-background-color has-background has-global-padding is-layout-constrained wp-container-core-group-is-layout-e955bbaf wp-block-group-is-layout-constrained\" id=\"servicios\" style=\"margin-top:0;margin-bottom:0;padding-top:var(--wp--preset--spacing--70);padding-bottom:var(--wp--preset--spacing--70)\">\n<div class=\"wp-block-group alignwide ext-is-logical-start has-global-padding is-content-justification-left is-layout-constrained wp-container-core-group-is-layout-6729bdbe wp-block-group-is-layout-constrained\">\n<h2 class=\"wp-block-heading ext-animate--on\">Tratamentos antiderrapantes<\/h2>\n\n\n\n<p class=\"has-text-align-left ext-animate--on\">Descubra nossos servi\u00e7os especializados em seguran\u00e7a de superf\u00edcies, que garantem qualidade e preven\u00e7\u00e3o de acidentes.<\/p>\n<\/div>\n\n\n\n<div class=\"wp-block-columns alignwide is-layout-flex wp-container-core-columns-is-layout-08c01c1c wp-block-columns-is-layout-flex\">\n<div class=\"wp-block-column is-vertically-aligned-stretch ext-animate--on is-layout-flow wp-container-core-column-is-layout-f5bb311e wp-block-column-is-layout-flow\">\n<div class=\"wp-block-group is-style-ext-preset--group--natural-1--item-card-1--align-start has-global-padding is-layout-constrained wp-block-group-is-layout-constrained is-style-ext-preset--group--natural-1--item-card-1--align-start--2\">\n<div class=\"wp-block-group is-style-default has-global-padding is-layout-constrained wp-block-group-is-layout-constrained\">\n<div class=\"wp-block-group is-nowrap is-layout-flex wp-container-core-group-is-layout-64fa2afa wp-block-group-is-layout-flex\" style=\"padding-top:0;padding-right:0;padding-bottom:0;padding-left:0\">\n<figure class=\"wp-block-image size-large ext-aspect-landscape wp-duotone-primary-foreground\"><img decoding=\"async\" src=\"data:image\/svg+xml;base64,PHN2ZyB4bWxucz0iaHR0cDovL3d3dy53My5vcmcvMjAwMC9zdmciIHdpZHRoPSI0OCIgaGVpZ2h0PSI0OCIgZmlsbD0iIzAwMDAwMCIgdmlld0JveD0iMCAwIDI1NiAyNTYiPjxwYXRoIGQ9Ik0xNzIsNzZhNDQsNDQsMCwxLDAtNDQsNDRBNDQuMDUsNDQuMDUsMCwwLDAsMTcyLDc2Wm0tNDQsMjhhMjgsMjgsMCwxLDEsMjgtMjhBMjgsMjgsMCwwLDEsMTI4LDEwNFptNjAsMjRhNDQsNDQsMCwxLDAsNDQsNDRBNDQuMDUsNDQuMDUsMCwwLDAsMTg4LDEyOFptMCw3MmEyOCwyOCwwLDEsMSwyOC0yOEEyOCwyOCwwLDAsMSwxODgsMjAwWk02OCwxMjhhNDQsNDQsMCwxLDAsNDQsNDRBNDQuMDUsNDQuMDUsMCwwLDAsNjgsMTI4Wm0wLDcyYTI4LDI4LDAsMSwxLDI4LTI4QTI4LDI4LDAsMCwxLDY4LDIwMFoiPjwvcGF0aD48L3N2Zz4=\" alt=\"\" style=\"object-fit:cover\"\/><\/figure>\n\n\n\n<div class=\"wp-block-group wp-container-content-958eb9dc has-global-padding is-layout-constrained wp-container-core-group-is-layout-c06d165c wp-block-group-is-layout-constrained\" style=\"padding-top:0;padding-right:0;padding-bottom:0;padding-left:0\">\n<h3 class=\"wp-block-heading\">Instala\u00e7\u00e3o de produtos antiderrapantes<\/h3>\n\n\n\n<p>Aplicamos tratamentos espec\u00edficos para melhorar a ader\u00eancia e evitar que o usu\u00e1rio escorregue em qualquer superf\u00edcie.<\/p>\n<\/div>\n<\/div>\n<\/div>\n<\/div>\n<\/div>\n\n\n\n<div class=\"wp-block-column is-vertically-aligned-stretch ext-animate--on is-layout-flow wp-container-core-column-is-layout-f5bb311e wp-block-column-is-layout-flow\">\n<div class=\"wp-block-group is-style-ext-preset--group--natural-1--item-card-1--align-start has-global-padding is-layout-constrained wp-block-group-is-layout-constrained is-style-ext-preset--group--natural-1--item-card-1--align-start--3\">\n<div class=\"wp-block-group is-style-default has-global-padding is-layout-constrained wp-block-group-is-layout-constrained\">\n<div class=\"wp-block-group is-nowrap is-layout-flex wp-container-core-group-is-layout-64fa2afa wp-block-group-is-layout-flex\" style=\"padding-top:0;padding-right:0;padding-bottom:0;padding-left:0\">\n<figure class=\"wp-block-image size-large ext-aspect-landscape wp-duotone-primary-foreground\"><img decoding=\"async\" src=\"data:image\/svg+xml;base64,PHN2ZyB4bWxucz0iaHR0cDovL3d3dy53My5vcmcvMjAwMC9zdmciIHdpZHRoPSI0OCIgaGVpZ2h0PSI0OCIgZmlsbD0iIzAwMDAwMCIgdmlld0JveD0iMCAwIDI1NiAyNTYiPjxwYXRoIGQ9Ik04MCw0MGE0MCw0MCwwLDEsMCw0MCw0MEE0MCw0MCwwLDAsMCw4MCw0MFptMCw2NGEyNCwyNCwwLDEsMSwyNC0yNEEyNCwyNCwwLDAsMSw4MCwxMDRabTk2LDE2YTQwLDQwLDAsMSwwLTQwLTQwQTQwLDQwLDAsMCwwLDE3NiwxMjBabTAtNjRhMjQsMjQsMCwxLDEtMjQsMjRBMjQsMjQsMCwwLDEsMTc2LDU2Wk04MCwxMzZhNDAsNDAsMCwxLDAsNDAsNDBBNDAsNDAsMCwwLDAsODAsMTM2Wm0wLDY0YTI0LDI0LDAsMSwxLDI0LTI0QTI0LDI0LDAsMCwxLDgwLDIwMFptOTYtNjRhNDAsNDAsMCwxLDAsNDAsNDBBNDAsNDAsMCwwLDAsMTc2LDEzNlptMCw2NGEyNCwyNCwwLDEsMSwyNC0yNEEyNCwyNCwwLDAsMSwxNzYsMjAwWiI+PC9wYXRoPjwvc3ZnPg==\" alt=\"\" style=\"object-fit:cover\"\/><\/figure>\n\n\n\n<div class=\"wp-block-group wp-container-content-958eb9dc has-global-padding is-layout-constrained wp-container-core-group-is-layout-c06d165c wp-block-group-is-layout-constrained\" style=\"padding-top:0;padding-right:0;padding-bottom:0;padding-left:0\">\n<h3 class=\"wp-block-heading\">Manuten\u00e7\u00e3o e renova\u00e7\u00e3o de superf\u00edcies<\/h3>\n\n\n\n<p>Oferecemos manuten\u00e7\u00e3o cont\u00ednua para garantir a efic\u00e1cia e a durabilidade das solu\u00e7\u00f5es antiderrapantes.<\/p>\n<\/div>\n<\/div>\n<\/div>\n<\/div>\n<\/div>\n\n\n\n<div class=\"wp-block-column is-vertically-aligned-stretch ext-animate--on is-layout-flow wp-container-core-column-is-layout-f5bb311e wp-block-column-is-layout-flow\">\n<div class=\"wp-block-group is-style-ext-preset--group--natural-1--item-card-1--align-start has-global-padding is-layout-constrained wp-block-group-is-layout-constrained is-style-ext-preset--group--natural-1--item-card-1--align-start--4\">\n<div class=\"wp-block-group is-style-default has-global-padding is-layout-constrained wp-block-group-is-layout-constrained\">\n<div class=\"wp-block-group is-nowrap is-layout-flex wp-container-core-group-is-layout-64fa2afa wp-block-group-is-layout-flex\" style=\"padding-top:0;padding-right:0;padding-bottom:0;padding-left:0\">\n<figure class=\"wp-block-image size-large ext-aspect-landscape wp-duotone-primary-foreground\"><img decoding=\"async\" src=\"data:image\/svg+xml;base64,PHN2ZyB4bWxucz0iaHR0cDovL3d3dy53My5vcmcvMjAwMC9zdmciIHdpZHRoPSI0OCIgaGVpZ2h0PSI0OCIgZmlsbD0iIzAwMDAwMCIgdmlld0JveD0iMCAwIDI1NiAyNTYiPjxwYXRoIGQ9Ik04MCw0MGE0MCw0MCwwLDEsMCw0MCw0MEE0MCw0MCwwLDAsMCw4MCw0MFptMCw2NGEyNCwyNCwwLDEsMSwyNC0yNEEyNCwyNCwwLDAsMSw4MCwxMDRabTk2LDE2YTQwLDQwLDAsMSwwLTQwLTQwQTQwLDQwLDAsMCwwLDE3NiwxMjBabTAtNjRhMjQsMjQsMCwxLDEtMjQsMjRBMjQsMjQsMCwwLDEsMTc2LDU2Wk04MCwxMzZhNDAsNDAsMCwxLDAsNDAsNDBBNDAsNDAsMCwwLDAsODAsMTM2Wm0wLDY0YTI0LDI0LDAsMSwxLDI0LTI0QTI0LDI0LDAsMCwxLDgwLDIwMFptMTM2LTI0YTgsOCwwLDAsMS04LDhIMTg0djI0YTgsOCwwLDAsMS0xNiwwVjE4NEgxNDRhOCw4LDAsMCwxLDAtMTZoMjRWMTQ0YTgsOCwwLDAsMSwxNiwwdjI0aDI0QTgsOCwwLDAsMSwyMTYsMTc2WiI+PC9wYXRoPjwvc3ZnPg==\" alt=\"\" style=\"object-fit:cover\"\/><\/figure>\n\n\n\n<div class=\"wp-block-group wp-container-content-958eb9dc has-global-padding is-layout-constrained wp-container-core-group-is-layout-c06d165c wp-block-group-is-layout-constrained\" style=\"padding-top:0;padding-right:0;padding-bottom:0;padding-left:0\">\n<h3 class=\"wp-block-heading\">Consultoria em seguran\u00e7a de piso<\/h3>\n\n\n\n<p>Oferecemos consultoria especializada para identificar riscos e selecionar os produtos adequados para cada ambiente.<\/p>\n<\/div>\n<\/div>\n<\/div>\n<\/div>\n<\/div>\n<\/div>\n<\/div>\n\n\n\n<div class=\"wp-block-group alignfull is-style-ext-preset--group--natural-1--section has-tertiary-background-color has-background has-global-padding is-layout-constrained wp-container-core-group-is-layout-e955bbaf wp-block-group-is-layout-constrained\" id=\"caracteristicas\" style=\"margin-top:0;margin-bottom:0;padding-top:var(--wp--preset--spacing--70);padding-bottom:var(--wp--preset--spacing--70)\">\n<div class=\"wp-block-group alignwide ext-is-logical-start has-global-padding is-content-justification-left is-layout-constrained wp-container-core-group-is-layout-6729bdbe wp-block-group-is-layout-constrained\">\n<h2 class=\"wp-block-heading ext-animate--on\">Descubra nossas solu\u00e7\u00f5es antiderrapantes.<\/h2>\n\n\n\n<p class=\"has-text-align-left ext-animate--on\">Nossos produtos especializados melhoram a seguran\u00e7a e a qualidade em superf\u00edcies polidas, prevenindo acidentes de forma eficaz.<\/p>\n<\/div>\n\n\n\n<div class=\"wp-block-columns alignwide is-layout-flex wp-container-core-columns-is-layout-87beb0d0 wp-block-columns-is-layout-flex\">\n<div class=\"wp-block-column is-vertically-aligned-stretch ext-animate--on is-layout-flow wp-container-core-column-is-layout-119bc444 wp-block-column-is-layout-flow\">\n<div class=\"wp-block-media-text is-stacked-on-mobile is-image-fill-element is-style-ext-preset--media-text--natural-1--card-1 has-background-background-color has-background is-style-ext-preset--media-text--natural-1--card-1--6\"><figure class=\"wp-block-media-text__media\"><img loading=\"lazy\" decoding=\"async\" width=\"1080\" height=\"1440\" src=\"https:\/\/selectrajectory.com\/wp-content\/uploads\/2026\/04\/0048e6ef8e4be7b6dbeb90f1f5bed00d4fd5ffeb.jpg\" alt=\"\" class=\"wp-image-44 size-full\" style=\"object-position:50% 50%\" srcset=\"https:\/\/selectrajectory.com\/wp-content\/uploads\/2026\/04\/0048e6ef8e4be7b6dbeb90f1f5bed00d4fd5ffeb.jpg 1080w, https:\/\/selectrajectory.com\/wp-content\/uploads\/2026\/04\/0048e6ef8e4be7b6dbeb90f1f5bed00d4fd5ffeb-225x300.jpg 225w, https:\/\/selectrajectory.com\/wp-content\/uploads\/2026\/04\/0048e6ef8e4be7b6dbeb90f1f5bed00d4fd5ffeb-768x1024.jpg 768w, https:\/\/selectrajectory.com\/wp-content\/uploads\/2026\/04\/0048e6ef8e4be7b6dbeb90f1f5bed00d4fd5ffeb-9x12.jpg 9w\" sizes=\"auto, (max-width: 1080px) 100vw, 1080px\" \/><\/figure><div class=\"wp-block-media-text__content\">\n<div class=\"wp-block-group is-style-default has-global-padding is-layout-constrained wp-container-core-group-is-layout-9a7b35d3 wp-block-group-is-layout-constrained\" style=\"padding-top:var(--wp--preset--spacing--40);padding-right:var(--wp--preset--spacing--30);padding-bottom:var(--wp--preset--spacing--40);padding-left:var(--wp--preset--spacing--30)\">\n<h3 class=\"wp-block-heading\" style=\"font-size:clamp(15.747px, 0.984rem + ((1vw - 3.2px) * 0.86), 24px);\">Instala\u00e7\u00e3o profissional<\/h3>\n\n\n\n<p class=\"has-small-font-size\">Garantimos uma instala\u00e7\u00e3o segura e duradoura em qualquer tipo de superf\u00edcie.<\/p>\n<\/div>\n<\/div><\/div>\n<\/div>\n\n\n\n<div class=\"wp-block-column is-vertically-aligned-stretch ext-animate--on is-layout-flow wp-container-core-column-is-layout-119bc444 wp-block-column-is-layout-flow\">\n<div class=\"wp-block-media-text is-stacked-on-mobile is-image-fill-element is-style-ext-preset--media-text--natural-1--card-1 has-background-background-color has-background is-style-ext-preset--media-text--natural-1--card-1--7\"><figure class=\"wp-block-media-text__media\"><img loading=\"lazy\" decoding=\"async\" width=\"810\" height=\"1440\" src=\"https:\/\/selectrajectory.com\/wp-content\/uploads\/2026\/04\/39eceb92d271652bf191ebc55b9e1d02384a8246.jpg\" alt=\"\" class=\"wp-image-40 size-full\" style=\"object-position:50% 50%\" srcset=\"https:\/\/selectrajectory.com\/wp-content\/uploads\/2026\/04\/39eceb92d271652bf191ebc55b9e1d02384a8246.jpg 810w, https:\/\/selectrajectory.com\/wp-content\/uploads\/2026\/04\/39eceb92d271652bf191ebc55b9e1d02384a8246-169x300.jpg 169w, https:\/\/selectrajectory.com\/wp-content\/uploads\/2026\/04\/39eceb92d271652bf191ebc55b9e1d02384a8246-576x1024.jpg 576w, https:\/\/selectrajectory.com\/wp-content\/uploads\/2026\/04\/39eceb92d271652bf191ebc55b9e1d02384a8246-768x1365.jpg 768w, https:\/\/selectrajectory.com\/wp-content\/uploads\/2026\/04\/39eceb92d271652bf191ebc55b9e1d02384a8246-7x12.jpg 7w\" sizes=\"auto, (max-width: 810px) 100vw, 810px\" \/><\/figure><div class=\"wp-block-media-text__content\">\n<div class=\"wp-block-group is-style-default has-global-padding is-layout-constrained wp-container-core-group-is-layout-9a7b35d3 wp-block-group-is-layout-constrained\" style=\"padding-top:var(--wp--preset--spacing--40);padding-right:var(--wp--preset--spacing--30);padding-bottom:var(--wp--preset--spacing--40);padding-left:var(--wp--preset--spacing--30)\">\n<h3 class=\"wp-block-heading\" style=\"font-size:clamp(15.747px, 0.984rem + ((1vw - 3.2px) * 0.86), 24px);\">Produtos de alta qualidade<\/h3>\n\n\n\n<p class=\"has-small-font-size\">Oferecemos materiais dur\u00e1veis \u200b\u200bque garantem m\u00e1xima ades\u00e3o e longa vida \u00fatil.<\/p>\n<\/div>\n<\/div><\/div>\n<\/div>\n<\/div>\n\n\n\n<div class=\"wp-block-columns alignwide is-layout-flex wp-container-core-columns-is-layout-e12f0bcd wp-block-columns-is-layout-flex\" style=\"margin-top:var(--wp--preset--spacing--30)\">\n<div class=\"wp-block-column ext-animate--on is-layout-flow wp-container-core-column-is-layout-119bc444 wp-block-column-is-layout-flow\">\n<div class=\"wp-block-media-text is-stacked-on-mobile is-image-fill-element is-style-ext-preset--media-text--natural-1--card-1 has-background-background-color has-background is-style-ext-preset--media-text--natural-1--card-1--8\"><figure class=\"wp-block-media-text__media\"><img loading=\"lazy\" decoding=\"async\" width=\"1440\" height=\"960\" src=\"https:\/\/selectrajectory.com\/wp-content\/uploads\/2026\/04\/5eb0c61bd1659ed8367eeb96eed33ec8d1a9124b.jpg\" alt=\"\" class=\"wp-image-45 size-full\" style=\"object-position:50% 50%\" srcset=\"https:\/\/selectrajectory.com\/wp-content\/uploads\/2026\/04\/5eb0c61bd1659ed8367eeb96eed33ec8d1a9124b.jpg 1440w, https:\/\/selectrajectory.com\/wp-content\/uploads\/2026\/04\/5eb0c61bd1659ed8367eeb96eed33ec8d1a9124b-300x200.jpg 300w, https:\/\/selectrajectory.com\/wp-content\/uploads\/2026\/04\/5eb0c61bd1659ed8367eeb96eed33ec8d1a9124b-1024x683.jpg 1024w, https:\/\/selectrajectory.com\/wp-content\/uploads\/2026\/04\/5eb0c61bd1659ed8367eeb96eed33ec8d1a9124b-768x512.jpg 768w, https:\/\/selectrajectory.com\/wp-content\/uploads\/2026\/04\/5eb0c61bd1659ed8367eeb96eed33ec8d1a9124b-18x12.jpg 18w\" sizes=\"auto, (max-width: 1440px) 100vw, 1440px\" \/><\/figure><div class=\"wp-block-media-text__content\">\n<div class=\"wp-block-group is-style-default has-global-padding is-layout-constrained wp-container-core-group-is-layout-9a7b35d3 wp-block-group-is-layout-constrained\" style=\"padding-top:var(--wp--preset--spacing--40);padding-right:var(--wp--preset--spacing--30);padding-bottom:var(--wp--preset--spacing--40);padding-left:var(--wp--preset--spacing--30)\">\n<h3 class=\"wp-block-heading\" style=\"font-size:clamp(15.747px, 0.984rem + ((1vw - 3.2px) * 0.86), 24px);\">Aconselhamento Personalizado<\/h3>\n\n\n\n<p class=\"has-small-font-size\">Avaliamos as suas necessidades para recomendar a melhor solu\u00e7\u00e3o antiderrapante.<\/p>\n<\/div>\n<\/div><\/div>\n<\/div>\n\n\n\n<div class=\"wp-block-column ext-animate--on is-layout-flow wp-container-core-column-is-layout-119bc444 wp-block-column-is-layout-flow\">\n<div class=\"wp-block-media-text is-stacked-on-mobile is-image-fill-element is-style-ext-preset--media-text--natural-1--card-1 has-background-background-color has-background is-style-ext-preset--media-text--natural-1--card-1--9\"><figure class=\"wp-block-media-text__media\"><img loading=\"lazy\" decoding=\"async\" width=\"1440\" height=\"960\" src=\"https:\/\/selectrajectory.com\/wp-content\/uploads\/2026\/04\/054db5bfc848095b3de403afe1d9c7f8a533eb9e.jpg\" alt=\"\" class=\"wp-image-42 size-full\" style=\"object-position:50% 50%\" srcset=\"https:\/\/selectrajectory.com\/wp-content\/uploads\/2026\/04\/054db5bfc848095b3de403afe1d9c7f8a533eb9e.jpg 1440w, https:\/\/selectrajectory.com\/wp-content\/uploads\/2026\/04\/054db5bfc848095b3de403afe1d9c7f8a533eb9e-300x200.jpg 300w, https:\/\/selectrajectory.com\/wp-content\/uploads\/2026\/04\/054db5bfc848095b3de403afe1d9c7f8a533eb9e-1024x683.jpg 1024w, https:\/\/selectrajectory.com\/wp-content\/uploads\/2026\/04\/054db5bfc848095b3de403afe1d9c7f8a533eb9e-768x512.jpg 768w, https:\/\/selectrajectory.com\/wp-content\/uploads\/2026\/04\/054db5bfc848095b3de403afe1d9c7f8a533eb9e-18x12.jpg 18w\" sizes=\"auto, (max-width: 1440px) 100vw, 1440px\" \/><\/figure><div class=\"wp-block-media-text__content\">\n<div class=\"wp-block-group is-style-default has-global-padding is-layout-constrained wp-container-core-group-is-layout-9a7b35d3 wp-block-group-is-layout-constrained\" style=\"padding-top:var(--wp--preset--spacing--40);padding-right:var(--wp--preset--spacing--30);padding-bottom:var(--wp--preset--spacing--40);padding-left:var(--wp--preset--spacing--30)\">\n<h3 class=\"wp-block-heading\" style=\"font-size:clamp(15.747px, 0.984rem + ((1vw - 3.2px) * 0.86), 24px);\">Manuten\u00e7\u00e3o e Suporte<\/h3>\n\n\n\n<p class=\"has-small-font-size\">Oferecemos acompanhamento e cuidados para manter a efic\u00e1cia das instala\u00e7\u00f5es.<\/p>\n<\/div>\n<\/div><\/div>\n<\/div>\n<\/div>\n<\/div>\n\n\n\n<div class=\"wp-block-group alignfull is-style-ext-preset--group--natural-1--section has-background-background-color has-background has-global-padding is-layout-constrained wp-container-core-group-is-layout-18437aeb wp-block-group-is-layout-constrained\" style=\"margin-top:0;margin-bottom:0;padding-top:var(--wp--preset--spacing--70);padding-right:0;padding-bottom:var(--wp--preset--spacing--70);padding-left:0\">\n<div class=\"wp-block-group alignwide is-style-ext-preset--group--natural-1--item-card-1--align-start ext-animate--on has-global-padding is-layout-constrained wp-block-group-is-layout-constrained is-style-ext-preset--group--natural-1--item-card-1--align-start--11\">\n<div class=\"wp-block-cover alignwide is-style-ext-preset--cover--natural-1--cover-overlay-1 is-style-ext-preset--cover--natural-1--cover-overlay-1--12\" style=\"padding-top:var(--wp--preset--spacing--55);padding-right:var(--wp--preset--spacing--30);padding-bottom:var(--wp--preset--spacing--55);padding-left:var(--wp--preset--spacing--30)\"><img loading=\"lazy\" decoding=\"async\" width=\"1080\" height=\"1440\" class=\"wp-block-cover__image-background wp-image-44\" alt=\"\" src=\"https:\/\/selectrajectory.com\/wp-content\/uploads\/2026\/04\/0048e6ef8e4be7b6dbeb90f1f5bed00d4fd5ffeb.jpg\" data-object-fit=\"cover\" srcset=\"https:\/\/selectrajectory.com\/wp-content\/uploads\/2026\/04\/0048e6ef8e4be7b6dbeb90f1f5bed00d4fd5ffeb.jpg 1080w, https:\/\/selectrajectory.com\/wp-content\/uploads\/2026\/04\/0048e6ef8e4be7b6dbeb90f1f5bed00d4fd5ffeb-225x300.jpg 225w, https:\/\/selectrajectory.com\/wp-content\/uploads\/2026\/04\/0048e6ef8e4be7b6dbeb90f1f5bed00d4fd5ffeb-768x1024.jpg 768w, https:\/\/selectrajectory.com\/wp-content\/uploads\/2026\/04\/0048e6ef8e4be7b6dbeb90f1f5bed00d4fd5ffeb-9x12.jpg 9w\" sizes=\"auto, (max-width: 1080px) 100vw, 1080px\" \/><span aria-hidden=\"true\" class=\"wp-block-cover__background has-background-dim-80 has-background-dim\" style=\"background-color:#010101\"><\/span><div class=\"wp-block-cover__inner-container has-global-padding is-layout-constrained wp-container-core-cover-is-layout-8484a25a wp-block-cover-is-layout-constrained\">\n<div class=\"wp-block-group alignwide has-global-padding is-layout-constrained wp-container-core-group-is-layout-f3b35183 wp-block-group-is-layout-constrained\" style=\"padding-top:0;padding-right:0;padding-bottom:0;padding-left:0\">\n<figure class=\"wp-block-image aligncenter size-large ext-animate--on wp-duotone-rgb245242241-000000-13\"><img decoding=\"async\" src=\"data:image\/svg+xml;base64,PHN2ZyB4bWxucz0iaHR0cDovL3d3dy53My5vcmcvMjAwMC9zdmciIHdpZHRoPSI5NiIgaGVpZ2h0PSI5NiIgZmlsbD0iIzAwMDAwMCIgdmlld0JveD0iMCAwIDI1NiAyNTYiPjxwYXRoIGQ9Ik04MC41NywxMTdBOCw4LDAsMCwxLDkxLDExMi41N2wyOSwxMS42MVY5NmE4LDgsMCwwLDEsMTYsMHYyOC4xOGwyOS0xMS42MUE4LDgsMCwxLDEsMTcxLDEyNy40M2wtMzAuMzEsMTIuMTJMMTU4LjQsMTYzLjJhOCw4LDAsMSwxLTEyLjgsOS42TDEyOCwxNDkuMzMsMTEwLjQsMTcyLjhhOCw4LDAsMSwxLTEyLjgtOS42bDE3Ljc0LTIzLjY1TDg1LDEyNy40M0E4LDgsMCwwLDEsODAuNTcsMTE3Wk0yMjQsNTZ2NTZjMCw1Mi43Mi0yNS41Miw4NC42Ny00Ni45MywxMDIuMTktMjMuMDYsMTguODYtNDYsMjUuMjctNDcsMjUuNTNhOCw4LDAsMCwxLTQuMiwwYy0xLS4yNi0yMy45MS02LjY3LTQ3LTI1LjUzQzU3LjUyLDE5Ni42NywzMiwxNjQuNzIsMzIsMTEyVjU2QTE2LDE2LDAsMCwxLDQ4LDQwSDIwOEExNiwxNiwwLDAsMSwyMjQsNTZabS0xNiwwTDQ4LDU2bDAsNTZjMCwzNy4zLDEzLjgyLDY3LjUxLDQxLjA3LDg5LjgxQTEyOC4yNSwxMjguMjUsMCwwLDAsMTI4LDIyMy42MmExMjkuMywxMjkuMywwLDAsMCwzOS40MS0yMi4yQzE5NC4zNCwxNzkuMTYsMjA4LDE0OS4wNywyMDgsMTEyWiI+PC9wYXRoPjwvc3ZnPg==\" alt=\"\"\/><\/figure>\n\n\n\n<h2 class=\"wp-block-heading has-text-align-center ext-animate--on has-x-large-font-size\" style=\"margin-bottom:24px\">Um compromisso inabal\u00e1vel com a sua total satisfa\u00e7\u00e3o.<\/h2>\n\n\n\n<p class=\"has-text-align-center ext-animate--on\" style=\"margin-top:1.5rem\">Nossa pol\u00edtica de garantia, com atendimento r\u00e1pido e devolu\u00e7\u00f5es f\u00e1ceis, garante sua confian\u00e7a e total satisfa\u00e7\u00e3o.<\/p>\n<\/div>\n<\/div><\/div>\n<\/div>\n<\/div>","protected":false},"excerpt":{"rendered":"<p>Tratamentos antiderrapantes Descubra nossos servi\u00e7os especializados em seguran\u00e7a de superf\u00edcies, que garantem qualidade e preven\u00e7\u00e3o de acidentes. Instala\u00e7\u00e3o de produtos antiderrapantes Aplicamos tratamentos espec\u00edficos para melhorar a ader\u00eancia e evitar que o usu\u00e1rio escorregue em qualquer superf\u00edcie. Manuten\u00e7\u00e3o e renova\u00e7\u00e3o de superf\u00edcies Oferecemos manuten\u00e7\u00e3o cont\u00ednua para garantir a efic\u00e1cia e a durabilidade das solu\u00e7\u00f5es antiderrapantes. [&hellip;]<\/p>\n","protected":false},"author":1,"featured_media":0,"parent":0,"menu_order":0,"comment_status":"closed","ping_status":"closed","template":"page-with-title","meta":{"footnotes":""},"class_list":["post-18","page","type-page","status-publish","hentry"],"_links":{"self":[{"href":"https:\/\/selectrajectory.com\/pt\/wp-json\/wp\/v2\/pages\/18","targetHints":{"allow":["GET"]}}],"collection":[{"href":"https:\/\/selectrajectory.com\/pt\/wp-json\/wp\/v2\/pages"}],"about":[{"href":"https:\/\/selectrajectory.com\/pt\/wp-json\/wp\/v2\/types\/page"}],"author":[{"embeddable":true,"href":"https:\/\/selectrajectory.com\/pt\/wp-json\/wp\/v2\/users\/1"}],"replies":[{"embeddable":true,"href":"https:\/\/selectrajectory.com\/pt\/wp-json\/wp\/v2\/comments?post=18"}],"version-history":[{"count":66,"href":"https:\/\/selectrajectory.com\/pt\/wp-json\/wp\/v2\/pages\/18\/revisions"}],"predecessor-version":[{"id":350,"href":"https:\/\/selectrajectory.com\/pt\/wp-json\/wp\/v2\/pages\/18\/revisions\/350"}],"wp:attachment":[{"href":"https:\/\/selectrajectory.com\/pt\/wp-json\/wp\/v2\/media?parent=18"}],"curies":[{"name":"wp","href":"https:\/\/api.w.org\/{rel}","templated":true}]}}