{"id":17,"date":"2026-04-24T14:56:08","date_gmt":"2026-04-24T14:56:08","guid":{"rendered":"https:\/\/selectrajectory.com\/portafolio\/"},"modified":"2026-04-24T17:41:38","modified_gmt":"2026-04-24T17:41:38","slug":"portafolio","status":"publish","type":"page","link":"https:\/\/selectrajectory.com\/es_es\/portafolio\/","title":{"rendered":"ANTIDERRAPANTES"},"content":{"rendered":"\n<div class=\"wp-block-group alignfull is-style-ext-preset--group--natural-1--section has-background-background-color has-background has-global-padding is-layout-constrained wp-container-core-group-is-layout-f72f1611 wp-block-group-is-layout-constrained\" id=\"galeria\" style=\"margin-top:0;margin-bottom:0;padding-top:var(--wp--preset--spacing--70);padding-bottom:var(--wp--preset--spacing--70)\">\n<div class=\"wp-block-group alignwide ext-is-logical-start has-global-padding is-content-justification-left is-layout-constrained wp-container-core-group-is-layout-6729bdbe wp-block-group-is-layout-constrained\">\n<h2 class=\"wp-block-heading ext-animate--on\">Solu\u00e7\u00f5es e projetos antiderrapantes.<\/h2>\n\n\n\n<p class=\"has-text-align-left ext-animate--on\" style=\"margin-top:1.5rem\">Temos a capacidade de criar solu\u00e7\u00f5es antiderrapantes personalizadas para atender \u00e0s necessidades de nossos clientes.<\/p>\n<\/div>\n\n\n\n<div class=\"wp-block-columns alignwide is-layout-flex wp-container-core-columns-is-layout-87beb0d0 wp-block-columns-is-layout-flex\">\n<div class=\"wp-block-column is-vertically-aligned-top ext-animate--on is-layout-flow wp-container-core-column-is-layout-f5bb311e wp-block-column-is-layout-flow\">\n<figure class=\"wp-block-image is-style-ext-preset--image--natural-1--image-1--content-bottom is-style-ext-preset--image--natural-1--image-1--content-bottom--2\"><img loading=\"lazy\" decoding=\"async\" width=\"810\" height=\"1440\" src=\"https:\/\/selectrajectory.com\/wp-content\/uploads\/2026\/04\/39eceb92d271652bf191ebc55b9e1d02384a8246.jpg\" alt=\"\" class=\"wp-image-40\" style=\"aspect-ratio:1;object-fit:cover\" srcset=\"https:\/\/selectrajectory.com\/wp-content\/uploads\/2026\/04\/39eceb92d271652bf191ebc55b9e1d02384a8246.jpg 810w, https:\/\/selectrajectory.com\/wp-content\/uploads\/2026\/04\/39eceb92d271652bf191ebc55b9e1d02384a8246-169x300.jpg 169w, https:\/\/selectrajectory.com\/wp-content\/uploads\/2026\/04\/39eceb92d271652bf191ebc55b9e1d02384a8246-576x1024.jpg 576w, https:\/\/selectrajectory.com\/wp-content\/uploads\/2026\/04\/39eceb92d271652bf191ebc55b9e1d02384a8246-768x1365.jpg 768w, https:\/\/selectrajectory.com\/wp-content\/uploads\/2026\/04\/39eceb92d271652bf191ebc55b9e1d02384a8246-7x12.jpg 7w\" sizes=\"auto, (max-width: 810px) 100vw, 810px\" \/><\/figure>\n\n\n\n<figure class=\"wp-block-image is-style-ext-preset--image--natural-1--image-1--content-right is-style-ext-preset--image--natural-1--image-1--content-right--3\"><img loading=\"lazy\" decoding=\"async\" width=\"958\" height=\"1440\" src=\"https:\/\/selectrajectory.com\/wp-content\/uploads\/2026\/04\/4ec1e12f2c3e20320e663537a8735ab8329d3e52.jpg\" alt=\"\" class=\"wp-image-41\" style=\"aspect-ratio:4\/3;object-fit:cover\" srcset=\"https:\/\/selectrajectory.com\/wp-content\/uploads\/2026\/04\/4ec1e12f2c3e20320e663537a8735ab8329d3e52.jpg 958w, https:\/\/selectrajectory.com\/wp-content\/uploads\/2026\/04\/4ec1e12f2c3e20320e663537a8735ab8329d3e52-200x300.jpg 200w, https:\/\/selectrajectory.com\/wp-content\/uploads\/2026\/04\/4ec1e12f2c3e20320e663537a8735ab8329d3e52-681x1024.jpg 681w, https:\/\/selectrajectory.com\/wp-content\/uploads\/2026\/04\/4ec1e12f2c3e20320e663537a8735ab8329d3e52-768x1154.jpg 768w, https:\/\/selectrajectory.com\/wp-content\/uploads\/2026\/04\/4ec1e12f2c3e20320e663537a8735ab8329d3e52-8x12.jpg 8w\" sizes=\"auto, (max-width: 958px) 100vw, 958px\" \/><\/figure>\n<\/div>\n\n\n\n<div class=\"wp-block-column is-vertically-aligned-top ext-animate--on is-layout-flow wp-container-core-column-is-layout-f5bb311e wp-block-column-is-layout-flow\">\n<figure class=\"wp-block-image is-style-ext-preset--image--natural-1--image-1--content-left is-style-ext-preset--image--natural-1--image-1--content-left--4\"><img loading=\"lazy\" decoding=\"async\" width=\"1440\" height=\"960\" src=\"https:\/\/selectrajectory.com\/wp-content\/uploads\/2026\/04\/054db5bfc848095b3de403afe1d9c7f8a533eb9e.jpg\" alt=\"\" class=\"wp-image-42\" style=\"aspect-ratio:4\/3;object-fit:cover\" srcset=\"https:\/\/selectrajectory.com\/wp-content\/uploads\/2026\/04\/054db5bfc848095b3de403afe1d9c7f8a533eb9e.jpg 1440w, https:\/\/selectrajectory.com\/wp-content\/uploads\/2026\/04\/054db5bfc848095b3de403afe1d9c7f8a533eb9e-300x200.jpg 300w, https:\/\/selectrajectory.com\/wp-content\/uploads\/2026\/04\/054db5bfc848095b3de403afe1d9c7f8a533eb9e-1024x683.jpg 1024w, https:\/\/selectrajectory.com\/wp-content\/uploads\/2026\/04\/054db5bfc848095b3de403afe1d9c7f8a533eb9e-768x512.jpg 768w, https:\/\/selectrajectory.com\/wp-content\/uploads\/2026\/04\/054db5bfc848095b3de403afe1d9c7f8a533eb9e-18x12.jpg 18w\" sizes=\"auto, (max-width: 1440px) 100vw, 1440px\" \/><\/figure>\n\n\n\n<figure class=\"wp-block-image is-style-ext-preset--image--natural-1--image-1--content-left is-style-ext-preset--image--natural-1--image-1--content-left--5\"><img loading=\"lazy\" decoding=\"async\" width=\"1440\" height=\"960\" src=\"https:\/\/selectrajectory.com\/wp-content\/uploads\/2026\/04\/9d0aa46524d7cb5a9c5a902392b50253b1e87b8b.jpg\" alt=\"\" class=\"wp-image-28\" style=\"aspect-ratio:1;object-fit:cover\" srcset=\"https:\/\/selectrajectory.com\/wp-content\/uploads\/2026\/04\/9d0aa46524d7cb5a9c5a902392b50253b1e87b8b.jpg 1440w, https:\/\/selectrajectory.com\/wp-content\/uploads\/2026\/04\/9d0aa46524d7cb5a9c5a902392b50253b1e87b8b-300x200.jpg 300w, https:\/\/selectrajectory.com\/wp-content\/uploads\/2026\/04\/9d0aa46524d7cb5a9c5a902392b50253b1e87b8b-1024x683.jpg 1024w, https:\/\/selectrajectory.com\/wp-content\/uploads\/2026\/04\/9d0aa46524d7cb5a9c5a902392b50253b1e87b8b-768x512.jpg 768w, https:\/\/selectrajectory.com\/wp-content\/uploads\/2026\/04\/9d0aa46524d7cb5a9c5a902392b50253b1e87b8b-18x12.jpg 18w\" sizes=\"auto, (max-width: 1440px) 100vw, 1440px\" \/><\/figure>\n<\/div>\n<\/div>\n<\/div>\n\n\n\n<div class=\"wp-block-group alignfull is-style-ext-preset--group--natural-1--section has-tertiary-background-color has-background has-global-padding is-layout-constrained wp-container-core-group-is-layout-e955bbaf wp-block-group-is-layout-constrained\" style=\"margin-top:0;margin-bottom:0;padding-top:var(--wp--preset--spacing--70);padding-bottom:var(--wp--preset--spacing--70)\">\n<h2 class=\"wp-block-heading has-text-align-center ext-animate--on\">Projetos bem-sucedidos que refletem a qualidade da Selectrejectory.<\/h2>\n\n\n\n<p class=\"has-text-align-center ext-animate--on\" style=\"margin-top:1.5rem\">Descubra nosso processo detalhado para garantir instala\u00e7\u00f5es antiderrapantes perfeitas e seguras.<\/p>\n\n\n\n<div class=\"wp-block-columns alignwide are-vertically-aligned-center is-layout-flex wp-container-core-columns-is-layout-174606dc wp-block-columns-is-layout-flex\">\n<div class=\"wp-block-column is-vertically-aligned-center ext-animate--on is-layout-flow wp-block-column-is-layout-flow\">\n<h3 class=\"wp-block-heading ext-animate--on\">Como a instala\u00e7\u00e3o de um piso antiderrapante melhorou a seguran\u00e7a em um espa\u00e7o p\u00fablico.<\/h3>\n\n\n\n<p class=\"ext-animate--on\" style=\"margin-top:1.5rem\">Incorpore nossas solu\u00e7\u00f5es para reduzir acidentes e melhorar a mobilidade, aumentando a confian\u00e7a de seus usu\u00e1rios.<\/p>\n<\/div>\n\n\n\n<div class=\"wp-block-column is-vertically-aligned-center ext-animate--on is-layout-flow wp-block-column-is-layout-flow\">\n<figure class=\"wp-block-image size-large is-style-ext-preset--image--natural-1--image-1--content-left is-style-ext-preset--image--natural-1--image-1--content-left--7\"><img loading=\"lazy\" decoding=\"async\" width=\"683\" height=\"1024\" src=\"https:\/\/selectrajectory.com\/wp-content\/uploads\/2026\/04\/bb0d8bf24dec3aa8172f540859fe73b766f3aa40-683x1024.jpg\" alt=\"\" class=\"wp-image-33\" style=\"aspect-ratio:4\/3;object-fit:cover\" srcset=\"https:\/\/selectrajectory.com\/wp-content\/uploads\/2026\/04\/bb0d8bf24dec3aa8172f540859fe73b766f3aa40-683x1024.jpg 683w, https:\/\/selectrajectory.com\/wp-content\/uploads\/2026\/04\/bb0d8bf24dec3aa8172f540859fe73b766f3aa40-200x300.jpg 200w, https:\/\/selectrajectory.com\/wp-content\/uploads\/2026\/04\/bb0d8bf24dec3aa8172f540859fe73b766f3aa40-768x1152.jpg 768w, https:\/\/selectrajectory.com\/wp-content\/uploads\/2026\/04\/bb0d8bf24dec3aa8172f540859fe73b766f3aa40-8x12.jpg 8w, https:\/\/selectrajectory.com\/wp-content\/uploads\/2026\/04\/bb0d8bf24dec3aa8172f540859fe73b766f3aa40.jpg 960w\" sizes=\"auto, (max-width: 683px) 100vw, 683px\" \/><\/figure>\n<\/div>\n<\/div>\n\n\n\n<div class=\"wp-block-columns alignwide are-vertically-aligned-center is-layout-flex wp-container-core-columns-is-layout-ed161d23 wp-block-columns-is-layout-flex\" style=\"margin-top:var(--wp--preset--spacing--50)\">\n<div class=\"wp-block-column is-vertically-aligned-center ext-animate--on is-layout-flow wp-block-column-is-layout-flow\">\n<figure class=\"wp-block-image size-full is-style-ext-preset--image--natural-1--image-1--content-right is-style-ext-preset--image--natural-1--image-1--content-right--8\"><img loading=\"lazy\" decoding=\"async\" width=\"949\" height=\"581\" src=\"https:\/\/selectrajectory.com\/wp-content\/uploads\/2026\/04\/JOHNSON.jpg\" alt=\"\" class=\"wp-image-240\" style=\"aspect-ratio:4\/3;object-fit:cover\" srcset=\"https:\/\/selectrajectory.com\/wp-content\/uploads\/2026\/04\/JOHNSON.jpg 949w, https:\/\/selectrajectory.com\/wp-content\/uploads\/2026\/04\/JOHNSON-300x184.jpg 300w, https:\/\/selectrajectory.com\/wp-content\/uploads\/2026\/04\/JOHNSON-768x470.jpg 768w, https:\/\/selectrajectory.com\/wp-content\/uploads\/2026\/04\/JOHNSON-18x12.jpg 18w\" sizes=\"auto, (max-width: 949px) 100vw, 949px\" \/><\/figure>\n<\/div>\n\n\n\n<div class=\"wp-block-column is-vertically-aligned-center ext-animate--on is-layout-flow wp-block-column-is-layout-flow\">\n<h3 class=\"wp-block-heading ext-animate--on\">Garantindo seguran\u00e7a duradoura com inova\u00e7\u00f5es especializadas.<\/h3>\n\n\n\n<p class=\"ext-animate--on\" style=\"margin-top:1.5rem\">Analisamos superf\u00edcies escorregadias, aplicando nossas t\u00e9cnicas para um ambiente mais seguro. Solu\u00e7\u00f5es sob medida.<\/p>\n<\/div>\n<\/div>\n\n\n\n<div class=\"wp-block-columns alignwide are-vertically-aligned-center is-layout-flex wp-container-core-columns-is-layout-ed161d23 wp-block-columns-is-layout-flex\" style=\"margin-top:var(--wp--preset--spacing--50)\">\n<div class=\"wp-block-column is-vertically-aligned-center ext-animate--on is-layout-flow wp-block-column-is-layout-flow\">\n<h3 class=\"wp-block-heading ext-animate--on\">Aumentando a seguran\u00e7a com produtos antiderrapantes l\u00edderes de mercado.<\/h3>\n\n\n\n<p class=\"ext-animate--on\" style=\"margin-top:1.5rem\">Utilizamos produtos da mais alta qualidade. Possu\u00edmos nosso pr\u00f3prio laborat\u00f3rio de desenvolvimento de produtos, especializado em nanotecnologia.<\/p>\n<\/div>\n\n\n\n<div class=\"wp-block-column is-vertically-aligned-center ext-animate--on is-layout-flow wp-block-column-is-layout-flow\">\n<figure class=\"wp-block-image size-full is-style-ext-preset--image--natural-1--image-1--content-left is-style-ext-preset--image--natural-1--image-1--content-left--9\"><img loading=\"lazy\" decoding=\"async\" width=\"289\" height=\"191\" src=\"https:\/\/selectrajectory.com\/wp-content\/uploads\/2026\/04\/54177.jpg\" alt=\"\" class=\"wp-image-250\" style=\"aspect-ratio:4\/3;object-fit:cover\" srcset=\"https:\/\/selectrajectory.com\/wp-content\/uploads\/2026\/04\/54177.jpg 289w, https:\/\/selectrajectory.com\/wp-content\/uploads\/2026\/04\/54177-18x12.jpg 18w\" sizes=\"auto, (max-width: 289px) 100vw, 289px\" \/><\/figure>\n<\/div>\n<\/div>\n\n\n\n<div class=\"wp-block-buttons ext-animate--on is-content-justification-center is-layout-flex wp-container-core-buttons-is-layout-a89b3969 wp-block-buttons-is-layout-flex\">\n<div class=\"wp-block-button is-style-ext-preset--button--natural-1--button-1 is-style-ext-preset--button--natural-1--button-1--10\"><a class=\"wp-block-button__link wp-element-button\" href=\"https:\/\/selectrajectory.com\/testimonios\">Ver mais<\/a><\/div>\n<\/div>\n<\/div>\n\n\n\n<div class=\"wp-block-group alignfull is-style-ext-preset--group--natural-1--section has-background-background-color has-background has-global-padding is-layout-constrained wp-container-core-group-is-layout-e955bbaf wp-block-group-is-layout-constrained\" id=\"caracteristicas\" style=\"margin-top:0;margin-bottom:0;padding-top:var(--wp--preset--spacing--70);padding-bottom:var(--wp--preset--spacing--70)\">\n<div class=\"wp-block-group alignwide ext-is-logical-start has-global-padding is-content-justification-left is-layout-constrained wp-container-core-group-is-layout-6729bdbe wp-block-group-is-layout-constrained\">\n<h2 class=\"wp-block-heading ext-animate--on\">Temos a maior variedade de produtos antiderrapantes.<\/h2>\n\n\n\n<p class=\"has-text-align-left ext-animate--on\">Nossas solu\u00e7\u00f5es antiderrapantes mais eficazes e como cada projeto garante seguran\u00e7a e qualidade em diferentes superf\u00edcies.<\/p>\n<\/div>\n\n\n\n<div class=\"wp-block-columns alignwide is-layout-flex wp-container-core-columns-is-layout-87beb0d0 wp-block-columns-is-layout-flex\">\n<div class=\"wp-block-column is-vertically-aligned-stretch ext-animate--on is-layout-flow wp-container-core-column-is-layout-119bc444 wp-block-column-is-layout-flow\">\n<div class=\"wp-block-media-text is-stacked-on-mobile is-image-fill-element is-style-ext-preset--media-text--natural-1--card-1 has-tertiary-background-color has-background is-style-ext-preset--media-text--natural-1--card-1--12\"><figure class=\"wp-block-media-text__media\"><img loading=\"lazy\" decoding=\"async\" width=\"1080\" height=\"1440\" src=\"https:\/\/selectrajectory.com\/wp-content\/uploads\/2026\/04\/0048e6ef8e4be7b6dbeb90f1f5bed00d4fd5ffeb.jpg\" alt=\"\" class=\"wp-image-44 size-full\" style=\"object-position:50% 50%\" srcset=\"https:\/\/selectrajectory.com\/wp-content\/uploads\/2026\/04\/0048e6ef8e4be7b6dbeb90f1f5bed00d4fd5ffeb.jpg 1080w, https:\/\/selectrajectory.com\/wp-content\/uploads\/2026\/04\/0048e6ef8e4be7b6dbeb90f1f5bed00d4fd5ffeb-225x300.jpg 225w, https:\/\/selectrajectory.com\/wp-content\/uploads\/2026\/04\/0048e6ef8e4be7b6dbeb90f1f5bed00d4fd5ffeb-768x1024.jpg 768w, https:\/\/selectrajectory.com\/wp-content\/uploads\/2026\/04\/0048e6ef8e4be7b6dbeb90f1f5bed00d4fd5ffeb-9x12.jpg 9w\" sizes=\"auto, (max-width: 1080px) 100vw, 1080px\" \/><\/figure><div class=\"wp-block-media-text__content\">\n<div class=\"wp-block-group is-style-default has-global-padding is-layout-constrained wp-container-core-group-is-layout-9a7b35d3 wp-block-group-is-layout-constrained\" style=\"padding-top:var(--wp--preset--spacing--40);padding-right:var(--wp--preset--spacing--30);padding-bottom:var(--wp--preset--spacing--40);padding-left:var(--wp--preset--spacing--30)\">\n<h3 class=\"wp-block-heading\" style=\"font-size:clamp(15.747px, 0.984rem + ((1vw - 3.2px) * 0.86), 24px);\">Instala\u00e7\u00e3o de revestimentos antiderrapantes<\/h3>\n\n\n\n<p class=\"has-small-font-size\">Aplicamos produtos especializados para melhorar a ader\u00eancia em pisos escorregadios.<\/p>\n<\/div>\n<\/div><\/div>\n<\/div>\n\n\n\n<div class=\"wp-block-column is-vertically-aligned-stretch ext-animate--on is-layout-flow wp-container-core-column-is-layout-119bc444 wp-block-column-is-layout-flow\">\n<div class=\"wp-block-media-text is-stacked-on-mobile is-image-fill-element is-style-ext-preset--media-text--natural-1--card-1 has-tertiary-background-color has-background is-style-ext-preset--media-text--natural-1--card-1--13\"><figure class=\"wp-block-media-text__media\"><img loading=\"lazy\" decoding=\"async\" width=\"810\" height=\"1440\" src=\"https:\/\/selectrajectory.com\/wp-content\/uploads\/2026\/04\/39eceb92d271652bf191ebc55b9e1d02384a8246.jpg\" alt=\"\" class=\"wp-image-40 size-full\" style=\"object-position:50% 50%\" srcset=\"https:\/\/selectrajectory.com\/wp-content\/uploads\/2026\/04\/39eceb92d271652bf191ebc55b9e1d02384a8246.jpg 810w, https:\/\/selectrajectory.com\/wp-content\/uploads\/2026\/04\/39eceb92d271652bf191ebc55b9e1d02384a8246-169x300.jpg 169w, https:\/\/selectrajectory.com\/wp-content\/uploads\/2026\/04\/39eceb92d271652bf191ebc55b9e1d02384a8246-576x1024.jpg 576w, https:\/\/selectrajectory.com\/wp-content\/uploads\/2026\/04\/39eceb92d271652bf191ebc55b9e1d02384a8246-768x1365.jpg 768w, https:\/\/selectrajectory.com\/wp-content\/uploads\/2026\/04\/39eceb92d271652bf191ebc55b9e1d02384a8246-7x12.jpg 7w\" sizes=\"auto, (max-width: 810px) 100vw, 810px\" \/><\/figure><div class=\"wp-block-media-text__content\">\n<div class=\"wp-block-group is-style-default has-global-padding is-layout-constrained wp-container-core-group-is-layout-9a7b35d3 wp-block-group-is-layout-constrained\" style=\"padding-top:var(--wp--preset--spacing--40);padding-right:var(--wp--preset--spacing--30);padding-bottom:var(--wp--preset--spacing--40);padding-left:var(--wp--preset--spacing--30)\">\n<h3 class=\"wp-block-heading\" style=\"font-size:clamp(15.747px, 0.984rem + ((1vw - 3.2px) * 0.86), 24px);\">Avalia\u00e7\u00e3o e aconselhamento personalizados<\/h3>\n\n\n\n<p class=\"has-small-font-size\">Analisamos e recomendamos as op\u00e7\u00f5es mais adequadas de acordo com o tipo de superf\u00edcie e utiliza\u00e7\u00e3o.<\/p>\n<\/div>\n<\/div><\/div>\n<\/div>\n<\/div>\n\n\n\n<div class=\"wp-block-columns alignwide is-layout-flex wp-container-core-columns-is-layout-e12f0bcd wp-block-columns-is-layout-flex\" style=\"margin-top:var(--wp--preset--spacing--30)\">\n<div class=\"wp-block-column ext-animate--on is-layout-flow wp-container-core-column-is-layout-119bc444 wp-block-column-is-layout-flow\">\n<div class=\"wp-block-media-text is-stacked-on-mobile is-image-fill-element is-style-ext-preset--media-text--natural-1--card-1 has-tertiary-background-color has-background is-style-ext-preset--media-text--natural-1--card-1--14\"><figure class=\"wp-block-media-text__media\"><img loading=\"lazy\" decoding=\"async\" width=\"1440\" height=\"960\" src=\"https:\/\/selectrajectory.com\/wp-content\/uploads\/2026\/04\/5eb0c61bd1659ed8367eeb96eed33ec8d1a9124b.jpg\" alt=\"\" class=\"wp-image-45 size-full\" style=\"object-position:50% 50%\" srcset=\"https:\/\/selectrajectory.com\/wp-content\/uploads\/2026\/04\/5eb0c61bd1659ed8367eeb96eed33ec8d1a9124b.jpg 1440w, https:\/\/selectrajectory.com\/wp-content\/uploads\/2026\/04\/5eb0c61bd1659ed8367eeb96eed33ec8d1a9124b-300x200.jpg 300w, https:\/\/selectrajectory.com\/wp-content\/uploads\/2026\/04\/5eb0c61bd1659ed8367eeb96eed33ec8d1a9124b-1024x683.jpg 1024w, https:\/\/selectrajectory.com\/wp-content\/uploads\/2026\/04\/5eb0c61bd1659ed8367eeb96eed33ec8d1a9124b-768x512.jpg 768w, https:\/\/selectrajectory.com\/wp-content\/uploads\/2026\/04\/5eb0c61bd1659ed8367eeb96eed33ec8d1a9124b-18x12.jpg 18w\" sizes=\"auto, (max-width: 1440px) 100vw, 1440px\" \/><\/figure><div class=\"wp-block-media-text__content\">\n<div class=\"wp-block-group is-style-default has-global-padding is-layout-constrained wp-container-core-group-is-layout-9a7b35d3 wp-block-group-is-layout-constrained\" style=\"padding-top:var(--wp--preset--spacing--40);padding-right:var(--wp--preset--spacing--30);padding-bottom:var(--wp--preset--spacing--40);padding-left:var(--wp--preset--spacing--30)\">\n<h3 class=\"wp-block-heading\" style=\"font-size:clamp(15.747px, 0.984rem + ((1vw - 3.2px) * 0.86), 24px);\">Manuten\u00e7\u00e3o preventiva e reparos<\/h3>\n\n\n\n<p class=\"has-small-font-size\">Oferecemos servi\u00e7os para preservar a efic\u00e1cia antiderrapante e prolongar a vida \u00fatil do tratamento.<\/p>\n<\/div>\n<\/div><\/div>\n<\/div>\n\n\n\n<div class=\"wp-block-column ext-animate--on is-layout-flow wp-container-core-column-is-layout-119bc444 wp-block-column-is-layout-flow\">\n<div class=\"wp-block-media-text is-stacked-on-mobile is-image-fill-element is-style-ext-preset--media-text--natural-1--card-1 has-tertiary-background-color has-background is-style-ext-preset--media-text--natural-1--card-1--15\"><figure class=\"wp-block-media-text__media\"><img loading=\"lazy\" decoding=\"async\" width=\"1440\" height=\"960\" src=\"https:\/\/selectrajectory.com\/wp-content\/uploads\/2026\/04\/054db5bfc848095b3de403afe1d9c7f8a533eb9e.jpg\" alt=\"\" class=\"wp-image-42 size-full\" style=\"object-position:50% 50%\" srcset=\"https:\/\/selectrajectory.com\/wp-content\/uploads\/2026\/04\/054db5bfc848095b3de403afe1d9c7f8a533eb9e.jpg 1440w, https:\/\/selectrajectory.com\/wp-content\/uploads\/2026\/04\/054db5bfc848095b3de403afe1d9c7f8a533eb9e-300x200.jpg 300w, https:\/\/selectrajectory.com\/wp-content\/uploads\/2026\/04\/054db5bfc848095b3de403afe1d9c7f8a533eb9e-1024x683.jpg 1024w, https:\/\/selectrajectory.com\/wp-content\/uploads\/2026\/04\/054db5bfc848095b3de403afe1d9c7f8a533eb9e-768x512.jpg 768w, https:\/\/selectrajectory.com\/wp-content\/uploads\/2026\/04\/054db5bfc848095b3de403afe1d9c7f8a533eb9e-18x12.jpg 18w\" sizes=\"auto, (max-width: 1440px) 100vw, 1440px\" \/><\/figure><div class=\"wp-block-media-text__content\">\n<div class=\"wp-block-group is-style-default has-global-padding is-layout-constrained wp-container-core-group-is-layout-9a7b35d3 wp-block-group-is-layout-constrained\" style=\"padding-top:var(--wp--preset--spacing--40);padding-right:var(--wp--preset--spacing--30);padding-bottom:var(--wp--preset--spacing--40);padding-left:var(--wp--preset--spacing--30)\">\n<h3 class=\"wp-block-heading\" style=\"font-size:clamp(15.747px, 0.984rem + ((1vw - 3.2px) * 0.86), 24px);\">Projetos em espa\u00e7os industriais e comerciais<\/h3>\n\n\n\n<p class=\"has-small-font-size\">Implementamos solu\u00e7\u00f5es adaptadas \u00e0s necessidades espec\u00edficas de cada ambiente de trabalho ou p\u00fablico.<\/p>\n<\/div>\n<\/div><\/div>\n<\/div>\n<\/div>\n<\/div>\n","protected":false},"excerpt":{"rendered":"<p>Solu\u00e7\u00f5es e projetos antiderrapantes. Temos a capacidade de criar solu\u00e7\u00f5es antiderrapantes personalizadas para atender \u00e0s necessidades de nossos clientes. Projetos bem-sucedidos que refletem a qualidade da Selectrejectory. Descubra nosso processo detalhado para garantir instala\u00e7\u00f5es antiderrapantes perfeitas e seguras. Como a instala\u00e7\u00e3o de um piso antiderrapante melhorou a seguran\u00e7a em um espa\u00e7o p\u00fablico. Incorpore nossas solu\u00e7\u00f5es [&hellip;]<\/p>\n","protected":false},"author":1,"featured_media":0,"parent":0,"menu_order":0,"comment_status":"closed","ping_status":"closed","template":"page-with-title","meta":{"footnotes":""},"class_list":["post-17","page","type-page","status-publish","hentry"],"_links":{"self":[{"href":"https:\/\/selectrajectory.com\/es_es\/wp-json\/wp\/v2\/pages\/17","targetHints":{"allow":["GET"]}}],"collection":[{"href":"https:\/\/selectrajectory.com\/es_es\/wp-json\/wp\/v2\/pages"}],"about":[{"href":"https:\/\/selectrajectory.com\/es_es\/wp-json\/wp\/v2\/types\/page"}],"author":[{"embeddable":true,"href":"https:\/\/selectrajectory.com\/es_es\/wp-json\/wp\/v2\/users\/1"}],"replies":[{"embeddable":true,"href":"https:\/\/selectrajectory.com\/es_es\/wp-json\/wp\/v2\/comments?post=17"}],"version-history":[{"count":54,"href":"https:\/\/selectrajectory.com\/es_es\/wp-json\/wp\/v2\/pages\/17\/revisions"}],"predecessor-version":[{"id":274,"href":"https:\/\/selectrajectory.com\/es_es\/wp-json\/wp\/v2\/pages\/17\/revisions\/274"}],"wp:attachment":[{"href":"https:\/\/selectrajectory.com\/es_es\/wp-json\/wp\/v2\/media?parent=17"}],"curies":[{"name":"wp","href":"https:\/\/api.w.org\/{rel}","templated":true}]}}